


{"id":311,"date":"2021-10-27T18:13:22","date_gmt":"2021-10-27T16:13:22","guid":{"rendered":"https:\/\/autoserviceluderer.de\/inhalt\/?page_id=311"},"modified":"2022-02-01T07:43:17","modified_gmt":"2022-02-01T06:43:17","slug":"impressum-2","status":"publish","type":"page","link":"https:\/\/autoserviceluderer.de\/inhalt\/impressum-2\/","title":{"rendered":"Impressum"},"content":{"rendered":"\n<p><strong>Angaben gem\u00e4\u00df \u00a7 5 TMG<\/strong><\/p>\n\n\n\n<p>J\u00fcrgen Luderer<br>Autoservice J\u00fcrgen Luderer<br>Kaiserstra\u00dfe 47<br>08209 Auerbach<\/p>\n\n\n\n<p><strong>Kontakt<\/strong><br>Telefon: 03744 \/ 201090<br>Telefax: 03744 \/ 215231<br>E-Mail: info@autoservice-luderer.de<\/p>\n\n\n\n<p><strong>Umsatzsteuer-ID<\/strong><br>Umsatzsteuer-Identifikationsnummer <\/p>\n\n\n\n<p>gem\u00e4\u00df \u00a7 27 a Umsatzsteuergesetz: 223\/246\/08056 <\/p>\n\n\n\n<p>Umsatzsteuernummer f\u00fcr Ausland: DE 159293372<\/p>\n\n\n\n<p><strong>EU-Streitschlichtung<\/strong><br>Die Europ\u00e4ische Kommission stellt eine Plattform zur Online-Streitbeilegung (OS) bereit:<br>https:\/\/ec.europa.eu\/consumers\/odr\/.<br>Unsere E-Mail-Adresse finden Sie oben im Impressum.<br>Verbraucherstreitbeilegung\/Universalschlichtungsstelle<br>Wir sind nicht bereit oder verpflichtet, an Streitbeilegungsverfahren vor einer<br>Verbraucherschlichtungsstelle teilzunehmen.<\/p>\n\n\n\n<p><strong>Quelle:<\/strong><br>https:\/\/www.e-recht24.de\/impressum-generator.html<\/p>\n","protected":false},"excerpt":{"rendered":"<p>Angaben gem\u00e4\u00df \u00a7 5 TMG J\u00fcrgen LudererAutoservice J\u00fcrgen LudererKaiserstra\u00dfe 4708209 Auerbach KontaktTelefon: 03744 \/ 201090Telefax: 03744 \/ 215231E-Mail: info@autoservice-luderer.de Umsatzsteuer-IDUmsatzsteuer-Identifikationsnummer gem\u00e4\u00df \u00a7 27 a Umsatzsteuergesetz: 223\/246\/08056 Umsatzsteuernummer f\u00fcr Ausland: DE 159293372 EU-StreitschlichtungDie Europ\u00e4ische Kommission stellt eine Plattform zur Online-Streitbeilegung (OS) bereit:https:\/\/ec.europa.eu\/consumers\/odr\/.Unsere E-Mail-Adresse finden Sie oben im Impressum.Verbraucherstreitbeilegung\/UniversalschlichtungsstelleWir sind nicht bereit oder verpflichtet, an Streitbeilegungsverfahren vor [&hellip;]<\/p>\n","protected":false},"author":1,"featured_media":0,"parent":0,"menu_order":0,"comment_status":"closed","ping_status":"closed","template":"","meta":{"footnotes":""},"class_list":["post-311","page","type-page","status-publish","hentry"],"_links":{"self":[{"href":"https:\/\/autoserviceluderer.de\/inhalt\/wp-json\/wp\/v2\/pages\/311","targetHints":{"allow":["GET"]}}],"collection":[{"href":"https:\/\/autoserviceluderer.de\/inhalt\/wp-json\/wp\/v2\/pages"}],"about":[{"href":"https:\/\/autoserviceluderer.de\/inhalt\/wp-json\/wp\/v2\/types\/page"}],"author":[{"embeddable":true,"href":"https:\/\/autoserviceluderer.de\/inhalt\/wp-json\/wp\/v2\/users\/1"}],"replies":[{"embeddable":true,"href":"https:\/\/autoserviceluderer.de\/inhalt\/wp-json\/wp\/v2\/comments?post=311"}],"version-history":[{"count":4,"href":"https:\/\/autoserviceluderer.de\/inhalt\/wp-json\/wp\/v2\/pages\/311\/revisions"}],"predecessor-version":[{"id":319,"href":"https:\/\/autoserviceluderer.de\/inhalt\/wp-json\/wp\/v2\/pages\/311\/revisions\/319"}],"wp:attachment":[{"href":"https:\/\/autoserviceluderer.de\/inhalt\/wp-json\/wp\/v2\/media?parent=311"}],"curies":[{"name":"wp","href":"https:\/\/api.w.org\/{rel}","templated":true}]}}