


{"id":21,"date":"2021-09-16T07:10:13","date_gmt":"2021-09-16T05:10:13","guid":{"rendered":"https:\/\/autoserviceluderer.de\/inhalt\/?page_id=21"},"modified":"2021-09-27T18:45:50","modified_gmt":"2021-09-27T16:45:50","slug":"reifendienst-pannenhilfe","status":"publish","type":"page","link":"https:\/\/autoserviceluderer.de\/inhalt\/reifendienst-pannenhilfe\/","title":{"rendered":"Reifendienst &#038; Pannenhilfe"},"content":{"rendered":"\n<p>Im Pannenfall helfen wir Ihnen schnell und professionell, wenn m\u00f6glich direkt vor Ort, um Ihnen schnellstm\u00f6gliche Mobilit\u00e4t zu gew\u00e4hrleisten.<\/p>\n\n\n\n<figure class=\"wp-block-image size-full\"><img fetchpriority=\"high\" decoding=\"async\" width=\"1000\" height=\"665\" src=\"https:\/\/autoserviceluderer.de\/inhalt\/wp-content\/uploads\/2021\/09\/pannendienst2.jpg\" alt=\"\" class=\"wp-image-193\" srcset=\"https:\/\/autoserviceluderer.de\/inhalt\/wp-content\/uploads\/2021\/09\/pannendienst2.jpg 1000w, https:\/\/autoserviceluderer.de\/inhalt\/wp-content\/uploads\/2021\/09\/pannendienst2-300x200.jpg 300w, https:\/\/autoserviceluderer.de\/inhalt\/wp-content\/uploads\/2021\/09\/pannendienst2-768x511.jpg 768w\" sizes=\"(max-width: 1000px) 100vw, 1000px\" \/><\/figure>\n\n\n\n<p><br>Sollte Ihr Auto im Unfall- oder Pannenfall bei uns repariert werden m\u00fcssen, bleiben sie trotzdem mobil. Wir bieten Ihnen g\u00fcnstige Mietwagen (PKW, Kleintransporter). Derweil sorgen wir f\u00fcr eine schnelle und reibungslose Instandsetzung Ihres Kfz.<\/p>\n","protected":false},"excerpt":{"rendered":"<p>Im Pannenfall helfen wir Ihnen schnell und professionell, wenn m\u00f6glich direkt vor Ort, um Ihnen schnellstm\u00f6gliche Mobilit\u00e4t zu gew\u00e4hrleisten. Sollte Ihr Auto im Unfall- oder Pannenfall bei uns repariert werden m\u00fcssen, bleiben sie trotzdem mobil. Wir bieten Ihnen g\u00fcnstige Mietwagen (PKW, Kleintransporter). Derweil sorgen wir f\u00fcr eine schnelle und reibungslose Instandsetzung Ihres Kfz.<\/p>\n","protected":false},"author":1,"featured_media":0,"parent":0,"menu_order":0,"comment_status":"closed","ping_status":"closed","template":"","meta":{"footnotes":""},"class_list":["post-21","page","type-page","status-publish","hentry"],"_links":{"self":[{"href":"https:\/\/autoserviceluderer.de\/inhalt\/wp-json\/wp\/v2\/pages\/21","targetHints":{"allow":["GET"]}}],"collection":[{"href":"https:\/\/autoserviceluderer.de\/inhalt\/wp-json\/wp\/v2\/pages"}],"about":[{"href":"https:\/\/autoserviceluderer.de\/inhalt\/wp-json\/wp\/v2\/types\/page"}],"author":[{"embeddable":true,"href":"https:\/\/autoserviceluderer.de\/inhalt\/wp-json\/wp\/v2\/users\/1"}],"replies":[{"embeddable":true,"href":"https:\/\/autoserviceluderer.de\/inhalt\/wp-json\/wp\/v2\/comments?post=21"}],"version-history":[{"count":3,"href":"https:\/\/autoserviceluderer.de\/inhalt\/wp-json\/wp\/v2\/pages\/21\/revisions"}],"predecessor-version":[{"id":222,"href":"https:\/\/autoserviceluderer.de\/inhalt\/wp-json\/wp\/v2\/pages\/21\/revisions\/222"}],"wp:attachment":[{"href":"https:\/\/autoserviceluderer.de\/inhalt\/wp-json\/wp\/v2\/media?parent=21"}],"curies":[{"name":"wp","href":"https:\/\/api.w.org\/{rel}","templated":true}]}}