


{"id":19,"date":"2021-09-16T07:09:59","date_gmt":"2021-09-16T05:09:59","guid":{"rendered":"https:\/\/autoserviceluderer.de\/inhalt\/?page_id=19"},"modified":"2021-09-27T18:44:59","modified_gmt":"2021-09-27T16:44:59","slug":"berge-abschleppdienst","status":"publish","type":"page","link":"https:\/\/autoserviceluderer.de\/inhalt\/berge-abschleppdienst\/","title":{"rendered":"Berge- &#038; Abschleppdienst"},"content":{"rendered":"\n<p>Wir sind ein leistungsf\u00e4higer Berge- &amp; Abschleppdienst f\u00fcr PKW und LKW bis 3,5 t.<\/p>\n\n\n\n<p>Durch unser modernes Ger\u00e4t bergen und schleppen wir Fahrzeuge fach- und sachgerecht ab.<\/p>\n\n\n\n<figure class=\"wp-block-image size-full\"><img fetchpriority=\"high\" decoding=\"async\" width=\"1000\" height=\"750\" src=\"https:\/\/autoserviceluderer.de\/inhalt\/wp-content\/uploads\/2021\/09\/abschleppdienst-1.jpg\" alt=\"\" class=\"wp-image-205\" srcset=\"https:\/\/autoserviceluderer.de\/inhalt\/wp-content\/uploads\/2021\/09\/abschleppdienst-1.jpg 1000w, https:\/\/autoserviceluderer.de\/inhalt\/wp-content\/uploads\/2021\/09\/abschleppdienst-1-300x225.jpg 300w, https:\/\/autoserviceluderer.de\/inhalt\/wp-content\/uploads\/2021\/09\/abschleppdienst-1-768x576.jpg 768w\" sizes=\"(max-width: 1000px) 100vw, 1000px\" \/><\/figure>\n\n\n\n<p>\u00dcberblick:<\/p>\n\n\n\n<p>Berge- &amp; Abschleppdienst f\u00fcr alle in- und ausl\u00e4ndischen Versicherungen.<\/p>\n\n\n\n<p>Problemlose Unfallabwicklung: Verrechnung direkt mit den Versicherungen!<\/p>\n\n\n\n<p>Kfz Transport und \u00dcberf\u00fchrung<\/p>\n\n\n\n<p>R\u00fcckholdienst mit Personenbef\u00f6rderung aus dem In- und Ausland<\/p>\n","protected":false},"excerpt":{"rendered":"<p>Wir sind ein leistungsf\u00e4higer Berge- &amp; Abschleppdienst f\u00fcr PKW und LKW bis 3,5 t. Durch unser modernes Ger\u00e4t bergen und schleppen wir Fahrzeuge fach- und sachgerecht ab. \u00dcberblick: Berge- &amp; Abschleppdienst f\u00fcr alle in- und ausl\u00e4ndischen Versicherungen. Problemlose Unfallabwicklung: Verrechnung direkt mit den Versicherungen! Kfz Transport und \u00dcberf\u00fchrung R\u00fcckholdienst mit Personenbef\u00f6rderung aus dem In- und [&hellip;]<\/p>\n","protected":false},"author":1,"featured_media":0,"parent":0,"menu_order":0,"comment_status":"closed","ping_status":"closed","template":"","meta":{"footnotes":""},"class_list":["post-19","page","type-page","status-publish","hentry"],"_links":{"self":[{"href":"https:\/\/autoserviceluderer.de\/inhalt\/wp-json\/wp\/v2\/pages\/19","targetHints":{"allow":["GET"]}}],"collection":[{"href":"https:\/\/autoserviceluderer.de\/inhalt\/wp-json\/wp\/v2\/pages"}],"about":[{"href":"https:\/\/autoserviceluderer.de\/inhalt\/wp-json\/wp\/v2\/types\/page"}],"author":[{"embeddable":true,"href":"https:\/\/autoserviceluderer.de\/inhalt\/wp-json\/wp\/v2\/users\/1"}],"replies":[{"embeddable":true,"href":"https:\/\/autoserviceluderer.de\/inhalt\/wp-json\/wp\/v2\/comments?post=19"}],"version-history":[{"count":3,"href":"https:\/\/autoserviceluderer.de\/inhalt\/wp-json\/wp\/v2\/pages\/19\/revisions"}],"predecessor-version":[{"id":221,"href":"https:\/\/autoserviceluderer.de\/inhalt\/wp-json\/wp\/v2\/pages\/19\/revisions\/221"}],"wp:attachment":[{"href":"https:\/\/autoserviceluderer.de\/inhalt\/wp-json\/wp\/v2\/media?parent=19"}],"curies":[{"name":"wp","href":"https:\/\/api.w.org\/{rel}","templated":true}]}}